{"id":77,"date":"2023-12-22T09:50:32","date_gmt":"2023-12-22T08:50:32","guid":{"rendered":"https:\/\/oppimista.fr\/?page_id=77"},"modified":"2023-12-30T23:57:29","modified_gmt":"2023-12-30T22:57:29","slug":"bienvenue","status":"publish","type":"page","link":"https:\/\/oppimista.fr\/","title":{"rendered":"Bienvenue"},"content":{"rendered":"\t\t<div data-elementor-type=\"wp-page\" data-elementor-id=\"77\" class=\"elementor elementor-77\">\n\t\t\t\t\t\t\t<div class=\"elementor-element elementor-element-14e85b4 e-flex e-con-boxed e-con e-parent\" data-id=\"14e85b4\" data-element_type=\"container\" data-settings=\"{&quot;content_width&quot;:&quot;boxed&quot;}\" data-core-v316-plus=\"true\">\n\t\t\t\t\t<div class=\"e-con-inner\">\n\t\t\t\t<div class=\"elementor-element elementor-element-532df063 elementor-widget elementor-widget-text-editor\" data-id=\"532df063\" data-element_type=\"widget\" data-widget_type=\"text-editor.default\">\n\t\t\t\t<div class=\"elementor-widget-container\">\n\t\t\t<style>\/*! elementor - v3.18.0 - 20-12-2023 *\/\n.elementor-widget-text-editor.elementor-drop-cap-view-stacked .elementor-drop-cap{background-color:#69727d;color:#fff}.elementor-widget-text-editor.elementor-drop-cap-view-framed .elementor-drop-cap{color:#69727d;border:3px solid;background-color:transparent}.elementor-widget-text-editor:not(.elementor-drop-cap-view-default) .elementor-drop-cap{margin-top:8px}.elementor-widget-text-editor:not(.elementor-drop-cap-view-default) .elementor-drop-cap-letter{width:1em;height:1em}.elementor-widget-text-editor .elementor-drop-cap{float:left;text-align:center;line-height:1;font-size:50px}.elementor-widget-text-editor .elementor-drop-cap-letter{display:inline-block}<\/style>\t\t\t\t<p><!-- wp:paragraph --><\/p>\n<p>Chez Oppimista, nous concevons l&#8217;apprentissage comme un parcours dynamique, bien plus qu&#8217;une simple destination.<br \/>Nos formations sont \u00e9labor\u00e9es pour vous soutenir \u00e0 chaque \u00e9tape de cette aventure. Notre approche p\u00e9dagogique repose sur l&#8217;interaction.<\/p>\n<p><!-- \/wp:paragraph --><\/p>\n<p><!-- wp:paragraph --><\/p>\n<p>Nous vous proposons des formations vivantes, rythm\u00e9es par des quiz, exercices et parcours interactifs.<br \/>Nous sommes convaincus que la r\u00e9alisation r\u00e9guli\u00e8re de mise en situation et d&#8217;exercices sont cruciaux pour ancrer l&#8217;apprentissage et garantir une r\u00e9tention efficace des connaissances. C&#8217;est par la pratique que la th\u00e9orie prend vie et que les comp\u00e9tences se d\u00e9veloppent.<\/p>\n<p><!-- \/wp:paragraph --><\/p>\n<p><!-- wp:paragraph --><\/p>\n<p><strong>Chez Oppimista, apprendre, c&#8217;est faire. C&#8217;est en s&#8217;exer\u00e7ant que nos apprenants transforment les informations en savoir-faire.<\/strong><\/p>\n<p>Rejoignez-nous pour une exp\u00e9rience d&#8217;apprentissage engag\u00e9e, o\u00f9 chaque activit\u00e9 est une \u00e9tape de votre &#8220;Oppimista&#8221;(*).<\/p>\n<p>Richard DEVAUD<\/p>\n<p>(*) Oppimista traduction &#8220;d&#8217;apprentissage&#8221; en finnois.<\/p>\n<p><!-- \/wp:paragraph --><\/p>\n<p><!-- wp:image {\"align\":\"center\",\"id\":102,\"width\":\"115px\",\"sizeSlug\":\"full\",\"linkDestination\":\"none\",\"className\":\"is-style-rounded\"} --><\/p>\n<figure class=\"wp-block-image aligncenter size-full is-resized is-style-rounded\"><a href=\"https:\/\/oppimista.fr\/?page_id=7\"><img fetchpriority=\"high\" decoding=\"async\" class=\"alignnone wp-image-102\" style=\"width: 115px;\" src=\"http:\/\/oppimista.fr\/wp-content\/uploads\/2023\/12\/DALL\u00b7E-2023-12-22-10.30.17-A-logo-representing-access-to-a-Learning-Management-System-LMS-featuring-a-stylized-modern-design-with-a-blue-motif-on-a-white-background.-The-log-1.png\" alt=\"Catalogue\" width=\"1024\" height=\"1024\" srcset=\"https:\/\/oppimista.fr\/wp-content\/uploads\/2023\/12\/DALL\u00b7E-2023-12-22-10.30.17-A-logo-representing-access-to-a-Learning-Management-System-LMS-featuring-a-stylized-modern-design-with-a-blue-motif-on-a-white-background.-The-log-1.png 1024w, https:\/\/oppimista.fr\/wp-content\/uploads\/2023\/12\/DALL\u00b7E-2023-12-22-10.30.17-A-logo-representing-access-to-a-Learning-Management-System-LMS-featuring-a-stylized-modern-design-with-a-blue-motif-on-a-white-background.-The-log-1-300x300.png 300w, https:\/\/oppimista.fr\/wp-content\/uploads\/2023\/12\/DALL\u00b7E-2023-12-22-10.30.17-A-logo-representing-access-to-a-Learning-Management-System-LMS-featuring-a-stylized-modern-design-with-a-blue-motif-on-a-white-background.-The-log-1-150x150.png 150w, https:\/\/oppimista.fr\/wp-content\/uploads\/2023\/12\/DALL\u00b7E-2023-12-22-10.30.17-A-logo-representing-access-to-a-Learning-Management-System-LMS-featuring-a-stylized-modern-design-with-a-blue-motif-on-a-white-background.-The-log-1-768x768.png 768w\" sizes=\"(max-width: 1024px) 100vw, 1024px\" \/><\/a>\n<p>\u00a0<\/p>\n<figcaption class=\"wp-element-caption\">Nos formations<\/figcaption>\n<\/figure>\n<p><!-- \/wp:image --><\/p>\t\t\t\t\t\t<\/div>\n\t\t\t\t<\/div>\n\t\t\t\t\t<\/div>\n\t\t\t\t<\/div>\n\t\t\t\t\t\t\t<\/div>\n\t\t","protected":false},"excerpt":{"rendered":"<p>Chez Oppimista, nous concevons l&#8217;apprentissage comme un parcours dynamique, bien plus qu&#8217;une simple destination.Nos formations sont \u00e9labor\u00e9es pour vous soutenir \u00e0 chaque \u00e9tape de cette aventure. Notre approche p\u00e9dagogique repose sur l&#8217;interaction. Nous vous proposons des formations vivantes, rythm\u00e9es par des quiz, exercices et parcours interactifs.Nous sommes convaincus que la r\u00e9alisation r\u00e9guli\u00e8re de mise en [&hellip;]<\/p>\n","protected":false},"author":1,"featured_media":0,"parent":0,"menu_order":0,"comment_status":"closed","ping_status":"closed","template":"","meta":{"_monsterinsights_skip_tracking":false,"_monsterinsights_sitenote_active":false,"_monsterinsights_sitenote_note":"","_monsterinsights_sitenote_category":0,"footnotes":""},"class_list":["post-77","page","type-page","status-publish","hentry"],"aioseo_notices":[],"_links":{"self":[{"href":"https:\/\/oppimista.fr\/index.php?rest_route=\/wp\/v2\/pages\/77","targetHints":{"allow":["GET"]}}],"collection":[{"href":"https:\/\/oppimista.fr\/index.php?rest_route=\/wp\/v2\/pages"}],"about":[{"href":"https:\/\/oppimista.fr\/index.php?rest_route=\/wp\/v2\/types\/page"}],"author":[{"embeddable":true,"href":"https:\/\/oppimista.fr\/index.php?rest_route=\/wp\/v2\/users\/1"}],"replies":[{"embeddable":true,"href":"https:\/\/oppimista.fr\/index.php?rest_route=%2Fwp%2Fv2%2Fcomments&post=77"}],"version-history":[{"count":34,"href":"https:\/\/oppimista.fr\/index.php?rest_route=\/wp\/v2\/pages\/77\/revisions"}],"predecessor-version":[{"id":140,"href":"https:\/\/oppimista.fr\/index.php?rest_route=\/wp\/v2\/pages\/77\/revisions\/140"}],"wp:attachment":[{"href":"https:\/\/oppimista.fr\/index.php?rest_route=%2Fwp%2Fv2%2Fmedia&parent=77"}],"curies":[{"name":"wp","href":"https:\/\/api.w.org\/{rel}","templated":true}]}}